{"id":1052,"date":"2024-04-02T23:58:11","date_gmt":"2024-04-02T20:58:11","guid":{"rendered":"https:\/\/technosense.net\/?post_type=product&#038;p=1052"},"modified":"2025-10-13T11:32:07","modified_gmt":"2025-10-13T08:32:07","slug":"hikvision-ds-kis603-pb","status":"publish","type":"product","link":"https:\/\/technosense.net\/ar\/product\/hikvision-ds-kis603-pb\/","title":{"rendered":"HIKVISION DS-KIS603-P(B)"},"content":{"rendered":"<ul class=\"tech-specs-items-description\" data-target=\"Door station\/System parameters\">\n<li class=\"tech-specs-items-description-list\"><span class=\"tech-specs-items-description__title--heading\">Door Station\/System Parameters<\/span><\/li>\n<li class=\"tech-specs-items-description-list\"><span class=\"tech-specs-items-description__title\">Operation System<\/span><span class=\"tech-specs-items-description__title-details\">Embedded Linux operation system<\/span><\/li>\n<li class=\"tech-specs-items-description-list\"><span class=\"tech-specs-items-description__title\">Flash<\/span><span class=\"tech-specs-items-description__title-details\">32 MB<\/span><\/li>\n<li class=\"tech-specs-items-description-list\"><span class=\"tech-specs-items-description__title\">RAM<\/span><span class=\"tech-specs-items-description__title-details\">128 MB<\/span><\/li>\n<\/ul>\n<ul class=\"tech-specs-items-description\" data-target=\"Door station\/Video parameters\">\n<li class=\"tech-specs-items-description-list\"><span class=\"tech-specs-items-description__title--heading\">Door Station\/Video Parameters<\/span><\/li>\n<li class=\"tech-specs-items-description-list\"><span class=\"tech-specs-items-description__title\">Camera<\/span><span class=\"tech-specs-items-description__title-details\">2MP HD camera<\/span><\/li>\n<li class=\"tech-specs-items-description-list\"><span class=\"tech-specs-items-description__title\">Night Vision<\/span><span class=\"tech-specs-items-description__title-details\">Low illumination IR supplement mode:3 m<\/span><\/li>\n<li class=\"tech-specs-items-description-list\"><span class=\"tech-specs-items-description__title\">Backlight Compensation<\/span><span class=\"tech-specs-items-description__title-details\">Support<\/span><\/li>\n<li class=\"tech-specs-items-description-list\"><span class=\"tech-specs-items-description__title\">Digital Noise Reduction<\/span><span class=\"tech-specs-items-description__title-details\">Support<\/span><\/li>\n<li class=\"tech-specs-items-description-list\"><span class=\"tech-specs-items-description__title\">WDR<\/span><span class=\"tech-specs-items-description__title-details\">True WDR<\/span><\/li>\n<li class=\"tech-specs-items-description-list\"><span class=\"tech-specs-items-description__title\">Field Of View<\/span><span class=\"tech-specs-items-description__title-details\">Horizontal: 129\u00b0 Vertical: 75\u00b0<\/span><\/li>\n<li class=\"tech-specs-items-description-list\"><span class=\"tech-specs-items-description__title\">Video Compression Standard<\/span><span class=\"tech-specs-items-description__title-details\">H.264<\/span><\/li>\n<li class=\"tech-specs-items-description-list\"><span class=\"tech-specs-items-description__title\">Stream<\/span><span class=\"tech-specs-items-description__title-details\">Main stream: 1080p@30fps, 720p@25fps Sub stream: D1@25fps<\/span><\/li>\n<li class=\"tech-specs-items-description-list\"><span class=\"tech-specs-items-description__title\">Motion Detection<\/span><span class=\"tech-specs-items-description__title-details\">Support<\/span><\/li>\n<li class=\"tech-specs-items-description-list\"><span class=\"tech-specs-items-description__title\">Flash-Avoid Frequency<\/span><span class=\"tech-specs-items-description__title-details\">50 Hz, 60 Hz<\/span><\/li>\n<\/ul>\n<ul class=\"tech-specs-items-description\" data-target=\"Door station\/Audio parameters\">\n<li class=\"tech-specs-items-description-list\"><span class=\"tech-specs-items-description__title--heading\">Door Station\/Audio Parameters<\/span><\/li>\n<li class=\"tech-specs-items-description-list\"><span class=\"tech-specs-items-description__title\">Audio Input<\/span><span class=\"tech-specs-items-description__title-details\">Built-in omnidirectional microphone<\/span><\/li>\n<li class=\"tech-specs-items-description-list\"><span class=\"tech-specs-items-description__title\">Audio Output<\/span><span class=\"tech-specs-items-description__title-details\">Built-in loudspeaker<\/span><\/li>\n<li class=\"tech-specs-items-description-list\"><span class=\"tech-specs-items-description__title\">Audio Quality<\/span><span class=\"tech-specs-items-description__title-details\">Noise suppression and echo cancellation<\/span><\/li>\n<li class=\"tech-specs-items-description-list\"><span class=\"tech-specs-items-description__title\">Audio Compression Standard<\/span><span class=\"tech-specs-items-description__title-details\">G.711 U<\/span><\/li>\n<li class=\"tech-specs-items-description-list\"><span class=\"tech-specs-items-description__title\">Audio Compression Rate<\/span><span class=\"tech-specs-items-description__title-details\">64 Kbps<\/span><\/li>\n<li class=\"tech-specs-items-description-list\"><span class=\"tech-specs-items-description__title\">Audio Intercom<\/span><span class=\"tech-specs-items-description__title-details\">Two-way audio communication<\/span><\/li>\n<\/ul>\n<ul class=\"tech-specs-items-description\" data-target=\"Door station\/Network parameters \">\n<li class=\"tech-specs-items-description-list\"><span class=\"tech-specs-items-description__title--heading\">Door Station\/Network Parameters<\/span><\/li>\n<li class=\"tech-specs-items-description-list\"><span class=\"tech-specs-items-description__title\">Network Protocol<\/span><span class=\"tech-specs-items-description__title-details\">TCP\/IP, RSTP<\/span><\/li>\n<li class=\"tech-specs-items-description-list\"><span class=\"tech-specs-items-description__title\">Wired Network<\/span><span class=\"tech-specs-items-description__title-details\">10\/100 Mbps Ethernet<\/span><\/li>\n<\/ul>\n<ul class=\"tech-specs-items-description\" data-target=\"Door station\/Device interfaces\">\n<li class=\"tech-specs-items-description-list\"><span class=\"tech-specs-items-description__title--heading\">Door Station\/Device Interfaces<\/span><\/li>\n<li class=\"tech-specs-items-description-list\"><span class=\"tech-specs-items-description__title\">RS-485<\/span><span class=\"tech-specs-items-description__title-details\">1<\/span><\/li>\n<li class=\"tech-specs-items-description-list\"><span class=\"tech-specs-items-description__title\">Alarm Input<\/span><span class=\"tech-specs-items-description__title-details\">4<\/span><\/li>\n<li class=\"tech-specs-items-description-list\"><span class=\"tech-specs-items-description__title\">Debugging Port<\/span><span class=\"tech-specs-items-description__title-details\">1<\/span><\/li>\n<li class=\"tech-specs-items-description-list\"><span class=\"tech-specs-items-description__title\">Grounding<\/span><span class=\"tech-specs-items-description__title-details\">1<\/span><\/li>\n<li class=\"tech-specs-items-description-list\"><span class=\"tech-specs-items-description__title\">TAMPER Switch<\/span><span class=\"tech-specs-items-description__title-details\">1<\/span><\/li>\n<\/ul>\n<ul class=\"tech-specs-items-description\" data-target=\"Door station\/General\">\n<li class=\"tech-specs-items-description-list\"><span class=\"tech-specs-items-description__title--heading\">Door Station\/General<\/span><\/li>\n<li class=\"tech-specs-items-description-list\"><span class=\"tech-specs-items-description__title\">Power Consumption<\/span><span class=\"tech-specs-items-description__title-details\">\uff1c 10 W<\/span><\/li>\n<li class=\"tech-specs-items-description-list\"><span class=\"tech-specs-items-description__title\">Working Temperature<\/span><span class=\"tech-specs-items-description__title-details\">-40\u00b0 C to 53\u00b0 C(-40\u00b0 F to 127.4\u00b0 F)<\/span><\/li>\n<li class=\"tech-specs-items-description-list\"><span class=\"tech-specs-items-description__title\">Working Humidity<\/span><span class=\"tech-specs-items-description__title-details\">10% to 95%<\/span><\/li>\n<li class=\"tech-specs-items-description-list\"><span class=\"tech-specs-items-description__title\">Dimension<\/span><span class=\"tech-specs-items-description__title-details\">138 mm \u00d7 65 mm \u00d7 27 mm<\/span><\/li>\n<li class=\"tech-specs-items-description-list\"><span class=\"tech-specs-items-description__title\">Installation<\/span><span class=\"tech-specs-items-description__title-details\">Surface mounting<\/span><\/li>\n<li class=\"tech-specs-items-description-list\"><span class=\"tech-specs-items-description__title\">Protection Level<\/span><span class=\"tech-specs-items-description__title-details\">IP65<\/span><\/li>\n<li class=\"tech-specs-items-description-list\"><span class=\"tech-specs-items-description__title\">Indicator<\/span><span class=\"tech-specs-items-description__title-details\">2<\/span><\/li>\n<li class=\"tech-specs-items-description-list\"><span class=\"tech-specs-items-description__title\">Power Supply<\/span>\n<p class=\"mb-p\">IEEE802.3af, standard PoE<\/p>\n<p class=\"mb-p\">12 VDC<\/p>\n<\/li>\n<\/ul>\n<ul class=\"tech-specs-items-description\" data-target=\"Indoor station\/System parameters\">\n<li class=\"tech-specs-items-description-list\"><span class=\"tech-specs-items-description__title--heading\">Indoor Station\/System Parameters<\/span><\/li>\n<li class=\"tech-specs-items-description-list\"><span class=\"tech-specs-items-description__title\">Operation System<\/span><span class=\"tech-specs-items-description__title-details\">Embedded Linux operation system<\/span><\/li>\n<li class=\"tech-specs-items-description-list\"><span class=\"tech-specs-items-description__title\">Memory<\/span><span class=\"tech-specs-items-description__title-details\">128 MB<\/span><\/li>\n<li class=\"tech-specs-items-description-list\"><span class=\"tech-specs-items-description__title\">Flash<\/span><span class=\"tech-specs-items-description__title-details\">32 MB<\/span><\/li>\n<\/ul>\n<ul class=\"tech-specs-items-description\" data-target=\"Indoor station\/Display parameters\">\n<li class=\"tech-specs-items-description-list\"><span class=\"tech-specs-items-description__title--heading\">Indoor Station\/Display Parameters<\/span><\/li>\n<li class=\"tech-specs-items-description-list\"><span class=\"tech-specs-items-description__title\">Display Screen<\/span><span class=\"tech-specs-items-description__title-details\">7-inch colorful TFT screen<\/span><\/li>\n<li class=\"tech-specs-items-description-list\"><span class=\"tech-specs-items-description__title\">Display Resolution<\/span><span class=\"tech-specs-items-description__title-details\">1024 \u00d7 600<\/span><\/li>\n<li class=\"tech-specs-items-description-list\"><span class=\"tech-specs-items-description__title\">Operation Method<\/span><span class=\"tech-specs-items-description__title-details\">Capacitive touch screen<\/span><\/li>\n<\/ul>\n<ul class=\"tech-specs-items-description\" data-target=\"Indoor station\/Audio parameters\">\n<li class=\"tech-specs-items-description-list\"><span class=\"tech-specs-items-description__title--heading\">Indoor Station\/Audio Parameters<\/span><\/li>\n<li class=\"tech-specs-items-description-list\"><span class=\"tech-specs-items-description__title\">Audio Input<\/span><span class=\"tech-specs-items-description__title-details\">Built-in omnidirectional microphone<\/span><\/li>\n<li class=\"tech-specs-items-description-list\"><span class=\"tech-specs-items-description__title\">Audio Output<\/span><span class=\"tech-specs-items-description__title-details\">Built-in loudspeaker<\/span><\/li>\n<li class=\"tech-specs-items-description-list\"><span class=\"tech-specs-items-description__title\">Audio Quality<\/span><span class=\"tech-specs-items-description__title-details\">Noise suppression and echo cancellation<\/span><\/li>\n<li class=\"tech-specs-items-description-list\"><span class=\"tech-specs-items-description__title\">Audio Compression Standard<\/span><span class=\"tech-specs-items-description__title-details\">G.711 U<\/span><\/li>\n<li class=\"tech-specs-items-description-list\"><span class=\"tech-specs-items-description__title\">Audio Compression Rate<\/span><span class=\"tech-specs-items-description__title-details\">64 Kbps<\/span><\/li>\n<\/ul>\n<ul class=\"tech-specs-items-description\" data-target=\"Indoor station\/Network parameters\">\n<li class=\"tech-specs-items-description-list\"><span class=\"tech-specs-items-description__title--heading\">Indoor Station\/Network Parameters<\/span><\/li>\n<li class=\"tech-specs-items-description-list\"><span class=\"tech-specs-items-description__title\">Wired Network<\/span><span class=\"tech-specs-items-description__title-details\">10\/100 Mbps self-adaptive<\/span><\/li>\n<li class=\"tech-specs-items-description-list\"><span class=\"tech-specs-items-description__title\">Wireless Network<\/span><span class=\"tech-specs-items-description__title-details\">Wi-Fi 802.11 b\/g\/n<\/span><\/li>\n<li class=\"tech-specs-items-description-list\"><span class=\"tech-specs-items-description__title\">Protocol<\/span><span class=\"tech-specs-items-description__title-details\">TCP\/IP, SIP, RTSP<\/span><\/li>\n<li class=\"tech-specs-items-description-list\"><span class=\"tech-specs-items-description__title\">RS-485<\/span><span class=\"tech-specs-items-description__title-details\">1 RJ-45 10\/100 Mbps self-adaptive<\/span><\/li>\n<\/ul>\n<ul class=\"tech-specs-items-description\" data-target=\"Indoor station\/Device interfaces\">\n<li class=\"tech-specs-items-description-list\"><span class=\"tech-specs-items-description__title--heading\">Indoor Station\/Device Interfaces<\/span><\/li>\n<li class=\"tech-specs-items-description-list\"><span class=\"tech-specs-items-description__title\">RS-485<\/span><span class=\"tech-specs-items-description__title-details\">1<\/span><\/li>\n<li class=\"tech-specs-items-description-list\"><span class=\"tech-specs-items-description__title\">Alarm Input<\/span><span class=\"tech-specs-items-description__title-details\">8-ch alarm inputs<\/span><\/li>\n<li class=\"tech-specs-items-description-list\"><span class=\"tech-specs-items-description__title\">Relay Output<\/span><span class=\"tech-specs-items-description__title-details\">2<\/span><\/li>\n<li class=\"tech-specs-items-description-list\"><span class=\"tech-specs-items-description__title\">TF Card<\/span><span class=\"tech-specs-items-description__title-details\">Max to 32 G, SD 2.0 or lower version<\/span><\/li>\n<\/ul>\n<ul class=\"tech-specs-items-description\" data-target=\"Indoor station\/General\">\n<li class=\"tech-specs-items-description-list\"><span class=\"tech-specs-items-description__title--heading\">Indoor Station\/General<\/span><\/li>\n<li class=\"tech-specs-items-description-list\"><span class=\"tech-specs-items-description__title\">Power Consumption<\/span><span class=\"tech-specs-items-description__title-details\">\u2264 6 W<\/span><\/li>\n<li class=\"tech-specs-items-description-list\"><span class=\"tech-specs-items-description__title\">Working Temperature<\/span><span class=\"tech-specs-items-description__title-details\">-10 \u00b0C to 55 \u00b0C (14 \u00b0F to 131 \u00b0F)<\/span><\/li>\n<li class=\"tech-specs-items-description-list\"><span class=\"tech-specs-items-description__title\">Working Humidity<\/span><span class=\"tech-specs-items-description__title-details\">10% to 90%<\/span><\/li>\n<li class=\"tech-specs-items-description-list\"><span class=\"tech-specs-items-description__title\">Dimension (L X W X H)<\/span><span class=\"tech-specs-items-description__title-details\">200 mm \u00d7 140 mm \u00d7 15.1 mm (7.9&#8243; \u00d7 5.5&#8243; \u00d7 0.6&#8243;)<\/span><\/li>\n<\/ul>","protected":false},"excerpt":{"rendered":"<h2>\u0641\u064a\u062f\u064a\u0648 \u0627\u0646\u062a\u0631\u0643\u0645 IP<\/h2>\n<h2 class=\"prod_name\"><span class=\"prod_name-content\">IP Video Intercom Kit<\/span><\/h2>\n<ul class=\"product_description_item-list\">\n<li class=\"product_description_item\">IP video intercom kit for villa or house, only one call button including :<br \/>\n<h2 class=\"prod_name\"><span class=\"prod_name-content\">POE\/Wifi Villa Door Station x1<\/span><\/h2>\n<ul class=\"product_description_item-list\">\n<li class=\"product_description_item\">2 MP camera with IR supplement<\/li>\n<li class=\"product_description_item\">One-touch button calling design for easier calls<\/li>\n<li class=\"product_description_item\">Built-in card reader module<\/li>\n<li class=\"product_description_item\">Standard PoE power supply<\/li>\n<li class=\"product_description_item\">IP65 protection level<\/li>\n<li><\/li>\n<\/ul>\n<\/li>\n<li class=\"product_description_item\">\n<h2 class=\"prod_name\"><span class=\"prod_name-content\">KH6 Series IP-Based Indoor Station<\/span><\/h2>\n<ul class=\"product_description_item-list\">\n<li class=\"product_description_item\">7-inch TFT touch screen with 1024 \u00d7 600 resolution<\/li>\n<li class=\"product_description_item\">Convenient Hik-Connect APP Mobile Control<\/li>\n<li class=\"product_description_item\">Receive calls, open the door and live view remotely<\/li>\n<li class=\"product_description_item\">Configure the whole system on one touch screen<\/li>\n<li class=\"product_description_item\">Live view of the door station and cameras in public areas<\/li>\n<li class=\"product_description_item\">Support voice messages when no response from the indoor station<\/li>\n<\/ul>\n<\/li>\n<li class=\"product_description_item\">PSU x2;<\/li>\n<\/ul>","protected":false},"featured_media":1054,"comment_status":"open","ping_status":"closed","template":"","meta":{"_crdt_document":"","advanced_seo_description":"","jetpack_seo_html_title":"","jetpack_seo_noindex":false,"jetpack_post_was_ever_published":false,"jetpack_publicize_message":"","jetpack_publicize_feature_enabled":true,"jetpack_social_post_already_shared":true,"jetpack_social_options":{"image_generator_settings":{"template":"highway","default_image_id":0,"font":"","enabled":false},"version":2},"_wpas_customize_per_network":false},"product_brand":[1387],"product_cat":[1399],"product_tag":[],"class_list":{"0":"post-1052","1":"product","2":"type-product","3":"status-publish","4":"has-post-thumbnail","6":"product_brand-hikvision","7":"product_cat-video-intercom","9":"first","10":"instock","11":"sale","12":"taxable","13":"shipping-taxable","14":"purchasable","15":"product-type-simple"},"bundled_by":[],"bundle_stock_status":"instock","bundle_stock_quantity":null,"bundle_virtual":false,"bundle_layout":"","bundle_add_to_cart_form_location":"","bundle_editable_in_cart":false,"bundle_sold_individually_context":"","bundle_item_grouping":"","bundle_min_size":"","bundle_max_size":"","bundle_price":[],"bundled_items":[],"bundle_sell_ids":[],"group_of_quantity":0,"min_quantity":0,"max_quantity":"","exclude_order_quantity_value_rules":"no","exclude_category_quantity_rules":"no","combine_variations":"no","exclude_global_add_ons":[],"addons":[],"jetpack_publicize_connections":[],"jetpack_sharing_enabled":true,"jetpack_likes_enabled":true,"_links":{"self":[{"href":"https:\/\/technosense.net\/ar\/wp-json\/wp\/v2\/product\/1052","targetHints":{"allow":["GET"]}}],"collection":[{"href":"https:\/\/technosense.net\/ar\/wp-json\/wp\/v2\/product"}],"about":[{"href":"https:\/\/technosense.net\/ar\/wp-json\/wp\/v2\/types\/product"}],"replies":[{"embeddable":true,"href":"https:\/\/technosense.net\/ar\/wp-json\/wp\/v2\/comments?post=1052"}],"wp:featuredmedia":[{"embeddable":true,"href":"https:\/\/technosense.net\/ar\/wp-json\/wp\/v2\/media\/1054"}],"wp:attachment":[{"href":"https:\/\/technosense.net\/ar\/wp-json\/wp\/v2\/media?parent=1052"}],"wp:term":[{"taxonomy":"product_brand","embeddable":true,"href":"https:\/\/technosense.net\/ar\/wp-json\/wp\/v2\/product_brand?post=1052"},{"taxonomy":"product_cat","embeddable":true,"href":"https:\/\/technosense.net\/ar\/wp-json\/wp\/v2\/product_cat?post=1052"},{"taxonomy":"product_tag","embeddable":true,"href":"https:\/\/technosense.net\/ar\/wp-json\/wp\/v2\/product_tag?post=1052"}],"curies":[{"name":"wp","href":"https:\/\/api.w.org\/{rel}","templated":true}]}}